{"id":77,"date":"2018-12-19T08:04:32","date_gmt":"2018-12-19T08:04:32","guid":{"rendered":"http:\/\/demo.ovathemes.com\/reon\/?page_id=77"},"modified":"2020-12-02T08:28:49","modified_gmt":"2020-12-02T08:28:49","slug":"iletisim","status":"publish","type":"page","link":"https:\/\/www.agadayi.com.tr\/?page_id=77","title":{"rendered":"\u0130leti\u015fim"},"content":{"rendered":"\t\t<div data-elementor-type=\"wp-post\" data-elementor-id=\"77\" class=\"elementor elementor-77\" data-elementor-settings=\"[]\">\n\t\t\t\t\t\t<div class=\"elementor-inner\">\n\t\t\t\t\t\t\t<div class=\"elementor-section-wrap\">\n\t\t\t\t\t\t\t<section class=\"elementor-section elementor-top-section elementor-element elementor-element-04c0ac1 elementor-section-full_width elementor-section-height-default elementor-section-height-default\" data-id=\"04c0ac1\" data-element_type=\"section\">\n\t\t\t\t\t\t<div class=\"elementor-container elementor-column-gap-no\">\n\t\t\t\t\t\t\t<div class=\"elementor-row\">\n\t\t\t\t\t<div class=\"elementor-column elementor-col-100 elementor-top-column elementor-element elementor-element-357b478\" data-id=\"357b478\" data-element_type=\"column\">\n\t\t\t<div class=\"elementor-column-wrap elementor-element-populated\">\n\t\t\t\t\t\t\t<div class=\"elementor-widget-wrap\">\n\t\t\t\t\t\t<div class=\"elementor-element elementor-element-73b2a28 elementor-widget elementor-widget-ova_heading\" data-id=\"73b2a28\" data-element_type=\"widget\" data-widget_type=\"ova_heading.default\">\n\t\t\t\t<div class=\"elementor-widget-container\">\n\t\t\t\t\t\t\t<section class=\"breadcrumb-menu-v2 breadcrumb-section section-box\" style=\"background-image: url(http:\/\/www.agadayi.com.tr\/wp-content\/uploads\/2020\/12\/agadayi_bread-1.jpeg)\">\n\t\t\t\t<div class=\"container\">\n\t\t\t\t\t<div class=\"breadcrumb-inner\">\n\t\t\t\t\t\t\t\t\t\t\t\t\t<h1>\u0130leti\u015fim<\/h1>\n\t\t\t\t\t\t\t\t\t\t\t\t\t\t\t\t\t<\/div>\t\n\t\t\t\t<\/div>\n\t\t\t<\/section>\n\t\t\t\t\t<\/div>\n\t\t\t\t<\/div>\n\t\t\t\t\t\t<\/div>\n\t\t\t\t\t<\/div>\n\t\t<\/div>\n\t\t\t\t\t\t\t\t<\/div>\n\t\t\t\t\t<\/div>\n\t\t<\/section>\n\t\t\t\t<section class=\"elementor-section elementor-top-section elementor-element elementor-element-cbcaab4 elementor-section-boxed elementor-section-height-default elementor-section-height-default\" data-id=\"cbcaab4\" data-element_type=\"section\">\n\t\t\t\t\t\t<div class=\"elementor-container elementor-column-gap-default\">\n\t\t\t\t\t\t\t<div class=\"elementor-row\">\n\t\t\t\t\t<div class=\"elementor-column elementor-col-50 elementor-top-column elementor-element elementor-element-d1718da\" data-id=\"d1718da\" data-element_type=\"column\">\n\t\t\t<div class=\"elementor-column-wrap elementor-element-populated\">\n\t\t\t\t\t\t\t<div class=\"elementor-widget-wrap\">\n\t\t\t\t\t\t<div class=\"elementor-element elementor-element-7465e59 elementor-widget elementor-widget-heading\" data-id=\"7465e59\" data-element_type=\"widget\" data-widget_type=\"heading.default\">\n\t\t\t\t<div class=\"elementor-widget-container\">\n\t\t\t<h3 class=\"elementor-heading-title elementor-size-default\">\u0130leti\u015fim Bilgileri<\/h3>\t\t<\/div>\n\t\t\t\t<\/div>\n\t\t\t\t<div class=\"elementor-element elementor-element-c27e81a elementor-widget elementor-widget-text-editor\" data-id=\"c27e81a\" data-element_type=\"widget\" data-widget_type=\"text-editor.default\">\n\t\t\t\t<div class=\"elementor-widget-container\">\n\t\t\t\t\t\t\t\t<div class=\"elementor-text-editor elementor-clearfix\">\n\t\t\t\t\t<p>Telefon: 0 266 378 01 01<\/p><p>Eposta: info@agadayi.com.tr<\/p><p>Adres: K\u0131z\u0131lke\u00e7ili Mahallesi, \u0130zmir \u00c7anakkale Yolu \u00dczeri Ak\u00e7ay\/Edremit\/BALIKES\u0130R<\/p>\t\t\t\t\t<\/div>\n\t\t\t\t\t\t<\/div>\n\t\t\t\t<\/div>\n\t\t\t\t<div class=\"elementor-element elementor-element-c3d701f elementor-widget elementor-widget-heading\" data-id=\"c3d701f\" data-element_type=\"widget\" data-widget_type=\"heading.default\">\n\t\t\t\t<div class=\"elementor-widget-container\">\n\t\t\t<h3 class=\"elementor-heading-title elementor-size-default\">Sosyal A\u011flar<\/h3>\t\t<\/div>\n\t\t\t\t<\/div>\n\t\t\t\t<div class=\"elementor-element elementor-element-ea25e70 elementor-widget elementor-widget-ova_social\" data-id=\"ea25e70\" data-element_type=\"widget\" data-widget_type=\"ova_social.default\">\n\t\t\t\t<div class=\"elementor-widget-container\">\n\t\t\t\t\t<div class=\"ova_social socials ova-framework-social-icons-wrapper\">\n\t\t\t\n\t\t\t\t\t\t\t\t<a class=\"ova-framework-icon ova-framework-social-icon \" style=\" color: #999; background-color: #f2f2f2\" href=\"facebook.com\/agadayiadanakebapcisi\" target=\"_blank\">\n\t\t\t\t\t<i class=\"fa fa-facebook\" style=\"\"><\/i>\n\t\t\t\t<\/a>\n\t\t\t\n\t\t\t\t\t\t\t\t<a class=\"ova-framework-icon ova-framework-social-icon \" style=\" color: #999; background-color: #f2f2f2\" href=\"instagram.com\/agadayiadanakebapcisi\" target=\"_blank\">\n\t\t\t\t\t<i class=\"fa fa-instagram\" style=\"\"><\/i>\n\t\t\t\t<\/a>\n\t\t\t\t\t<\/div>\n\t\t\t\t<\/div>\n\t\t\t\t<\/div>\n\t\t\t\t\t\t<\/div>\n\t\t\t\t\t<\/div>\n\t\t<\/div>\n\t\t\t\t<div class=\"elementor-column elementor-col-50 elementor-top-column elementor-element elementor-element-ba6a71d\" data-id=\"ba6a71d\" data-element_type=\"column\">\n\t\t\t<div class=\"elementor-column-wrap elementor-element-populated\">\n\t\t\t\t\t\t\t<div class=\"elementor-widget-wrap\">\n\t\t\t\t\t\t<div class=\"elementor-element elementor-element-3e00ae9 contact-v1-section elementor-widget elementor-widget-shortcode\" data-id=\"3e00ae9\" data-element_type=\"widget\" data-widget_type=\"shortcode.default\">\n\t\t\t\t<div class=\"elementor-widget-container\">\n\t\t\t\t\t<div class=\"elementor-shortcode\"><div role=\"form\" class=\"wpcf7\" id=\"wpcf7-f1483-o1\" lang=\"en-US\" dir=\"ltr\">\n<div class=\"screen-reader-response\"><p role=\"status\" aria-live=\"polite\" aria-atomic=\"true\"><\/p> <ul><\/ul><\/div>\n<form action=\"\/index.php?rest_route=%2Fwp%2Fv2%2Fpages%2F77#wpcf7-f1483-o1\" method=\"post\" class=\"wpcf7-form init\" novalidate=\"novalidate\" data-status=\"init\">\n<div style=\"display: none;\">\n<input type=\"hidden\" name=\"_wpcf7\" value=\"1483\" \/>\n<input type=\"hidden\" name=\"_wpcf7_version\" value=\"5.3.2\" \/>\n<input type=\"hidden\" name=\"_wpcf7_locale\" value=\"en_US\" \/>\n<input type=\"hidden\" name=\"_wpcf7_unit_tag\" value=\"wpcf7-f1483-o1\" \/>\n<input type=\"hidden\" name=\"_wpcf7_container_post\" value=\"0\" \/>\n<input type=\"hidden\" name=\"_wpcf7_posted_data_hash\" value=\"\" \/>\n<\/div>\n<div class=\"contact-v1-section\">\n<div class=\"quote-form\">\n<div class=\"form-contact js-contact-form\">\n<div class=\"form-input\"><span class=\"wpcf7-form-control-wrap your-name\"><input type=\"text\" name=\"your-name\" value=\"\" size=\"40\" class=\"wpcf7-form-control wpcf7-text wpcf7-validates-as-required\" aria-required=\"true\" aria-invalid=\"false\" placeholder=\"\u0130sminiz\" \/><\/span><i class=\"zmdi zmdi-account\"><\/i><\/div>\n<div class=\"form-input\"><span class=\"wpcf7-form-control-wrap your-email\"><input type=\"email\" name=\"your-email\" value=\"\" size=\"40\" class=\"wpcf7-form-control wpcf7-text wpcf7-email wpcf7-validates-as-required wpcf7-validates-as-email\" aria-required=\"true\" aria-invalid=\"false\" placeholder=\"Varsa Eposta\" \/><\/span><i class=\"zmdi zmdi-email\"><\/i><\/div>\n<div class=\"form-input\"><span class=\"wpcf7-form-control-wrap your-subject\"><input type=\"text\" name=\"your-subject\" value=\"\" size=\"40\" class=\"wpcf7-form-control wpcf7-text\" aria-invalid=\"false\" placeholder=\"Konu Ba\u015fl\u0131\u011f\u0131\" \/><\/span><\/div>\n<div class=\"form-textarea\"><span class=\"wpcf7-form-control-wrap your-message\"><textarea name=\"your-message\" cols=\"40\" rows=\"10\" class=\"wpcf7-form-control wpcf7-textarea\" aria-invalid=\"false\" placeholder=\"Mesaj\u0131n\u0131z\"><\/textarea><\/span><\/div>\n<div class=\"form-bottom\"><input type=\"submit\" class=\"end-quote-1 au-btn au-btn-yellow btn-small\" value=\"G\u00f6nder\"><\/div>\n<\/div>\n<\/div>\n<\/div>\n<div class=\"wpcf7-response-output\" aria-hidden=\"true\"><\/div><\/form><\/div><\/div>\n\t\t\t\t<\/div>\n\t\t\t\t<\/div>\n\t\t\t\t\t\t<\/div>\n\t\t\t\t\t<\/div>\n\t\t<\/div>\n\t\t\t\t\t\t\t\t<\/div>\n\t\t\t\t\t<\/div>\n\t\t<\/section>\n\t\t\t\t<section class=\"elementor-section elementor-top-section elementor-element elementor-element-7c65b0c elementor-section-full_width elementor-section-height-default elementor-section-height-default\" data-id=\"7c65b0c\" data-element_type=\"section\">\n\t\t\t\t\t\t<div class=\"elementor-container elementor-column-gap-no\">\n\t\t\t\t\t\t\t<div class=\"elementor-row\">\n\t\t\t\t\t<div class=\"elementor-column elementor-col-100 elementor-top-column elementor-element elementor-element-1f1a805\" data-id=\"1f1a805\" data-element_type=\"column\">\n\t\t\t<div class=\"elementor-column-wrap elementor-element-populated\">\n\t\t\t\t\t\t\t<div class=\"elementor-widget-wrap\">\n\t\t\t\t\t\t<div class=\"elementor-element elementor-element-90e3626 elementor-widget elementor-widget-google_maps\" data-id=\"90e3626\" data-element_type=\"widget\" data-widget_type=\"google_maps.default\">\n\t\t\t\t<div class=\"elementor-widget-container\">\n\t\t\t\t\t<div class=\"elementor-custom-embed\">\n\t\t\t<iframe frameborder=\"0\" scrolling=\"no\" marginheight=\"0\" marginwidth=\"0\" src=\"https:\/\/maps.google.com\/maps?q=A%C4%9Faday%C4%B1%20Adana%20Kebap%C3%A7%C4%B1s%C4%B1&amp;t=m&amp;z=10&amp;output=embed&amp;iwloc=near\" title=\"%3$s\" aria-label=\"%3$s\"><\/iframe>\n\t\t<\/div>\n\t\t\t\t<\/div>\n\t\t\t\t<\/div>\n\t\t\t\t\t\t<\/div>\n\t\t\t\t\t<\/div>\n\t\t<\/div>\n\t\t\t\t\t\t\t\t<\/div>\n\t\t\t\t\t<\/div>\n\t\t<\/section>\n\t\t\t\t\t\t<\/div>\n\t\t\t\t\t\t<\/div>\n\t\t\t\t\t<\/div>\n\t\t","protected":false},"excerpt":{"rendered":"<p>\u0130leti\u015fim \u0130leti\u015fim Bilgileri Telefon: 0 266 378 01 01 Eposta: info@agadayi.com.tr Adres: K\u0131z\u0131lke\u00e7ili Mahallesi, \u0130zmir \u00c7anakkale Yolu \u00dczeri Ak\u00e7ay\/Edremit\/BALIKES\u0130R Sosyal A\u011flar<\/p>\n","protected":false},"author":1,"featured_media":0,"parent":0,"menu_order":0,"comment_status":"closed","ping_status":"closed","template":"elementor_header_footer","meta":{"footnotes":""},"class_list":["post-77","page","type-page","status-publish","hentry"],"yoast_head":"<!-- This site is optimized with the Yoast SEO Premium plugin v15.4 - https:\/\/yoast.com\/wordpress\/plugins\/seo\/ -->\n<title>\u0130leti\u015fim - A\u011faday\u0131 Adana Kebap&ccedil;\u0131s\u0131<\/title>\n<meta name=\"robots\" content=\"index, follow, max-snippet:-1, max-image-preview:large, max-video-preview:-1\" \/>\n<link rel=\"canonical\" href=\"https:\/\/www.agadayi.com.tr\/?page_id=77\" \/>\n<meta property=\"og:locale\" content=\"tr_TR\" \/>\n<meta property=\"og:type\" content=\"article\" \/>\n<meta property=\"og:title\" content=\"\u0130leti\u015fim - A\u011faday\u0131 Adana Kebap&ccedil;\u0131s\u0131\" \/>\n<meta property=\"og:description\" content=\"\u0130leti\u015fim \u0130leti\u015fim Bilgileri Telefon: 0 266 378 01 01 Eposta: info@agadayi.com.tr Adres: K\u0131z\u0131lke\u00e7ili Mahallesi, \u0130zmir \u00c7anakkale Yolu \u00dczeri Ak\u00e7ay\/Edremit\/BALIKES\u0130R Sosyal A\u011flar\" \/>\n<meta property=\"og:url\" content=\"https:\/\/www.agadayi.com.tr\/?page_id=77\" \/>\n<meta property=\"og:site_name\" content=\"A\u011faday\u0131 Adana Kebap&ccedil;\u0131s\u0131\" \/>\n<meta property=\"article:modified_time\" content=\"2020-12-02T08:28:49+00:00\" \/>\n<meta name=\"twitter:card\" content=\"summary_large_image\" \/>\n<meta name=\"twitter:label1\" content=\"Yazan:\">\n\t<meta name=\"twitter:data1\" content=\"admin\">\n\t<meta name=\"twitter:label2\" content=\"Tahmini okuma s\u00fcresi\">\n\t<meta name=\"twitter:data2\" content=\"0 dakika\">\n<script type=\"application\/ld+json\" class=\"yoast-schema-graph\">{\"@context\":\"https:\/\/schema.org\",\"@graph\":[{\"@type\":\"WebSite\",\"@id\":\"https:\/\/www.agadayi.com.tr\/#website\",\"url\":\"https:\/\/www.agadayi.com.tr\/\",\"name\":\"A\\u011faday\\u0131 Adana Kebap&ccedil;\\u0131s\\u0131\",\"description\":\"Ak&ccedil;ay Restaurant &amp; Kebap&ccedil;\\u0131\",\"potentialAction\":[{\"@type\":\"SearchAction\",\"target\":\"https:\/\/www.agadayi.com.tr\/?s={search_term_string}\",\"query-input\":\"required name=search_term_string\"}],\"inLanguage\":\"tr\"},{\"@type\":\"WebPage\",\"@id\":\"https:\/\/www.agadayi.com.tr\/?page_id=77#webpage\",\"url\":\"https:\/\/www.agadayi.com.tr\/?page_id=77\",\"name\":\"\\u0130leti\\u015fim - A\\u011faday\\u0131 Adana Kebap&ccedil;\\u0131s\\u0131\",\"isPartOf\":{\"@id\":\"https:\/\/www.agadayi.com.tr\/#website\"},\"datePublished\":\"2018-12-19T08:04:32+00:00\",\"dateModified\":\"2020-12-02T08:28:49+00:00\",\"inLanguage\":\"tr\",\"potentialAction\":[{\"@type\":\"ReadAction\",\"target\":[\"https:\/\/www.agadayi.com.tr\/?page_id=77\"]}]}]}<\/script>\n<!-- \/ Yoast SEO Premium plugin. -->","_links":{"self":[{"href":"https:\/\/www.agadayi.com.tr\/index.php?rest_route=\/wp\/v2\/pages\/77","targetHints":{"allow":["GET"]}}],"collection":[{"href":"https:\/\/www.agadayi.com.tr\/index.php?rest_route=\/wp\/v2\/pages"}],"about":[{"href":"https:\/\/www.agadayi.com.tr\/index.php?rest_route=\/wp\/v2\/types\/page"}],"author":[{"embeddable":true,"href":"https:\/\/www.agadayi.com.tr\/index.php?rest_route=\/wp\/v2\/users\/1"}],"replies":[{"embeddable":true,"href":"https:\/\/www.agadayi.com.tr\/index.php?rest_route=%2Fwp%2Fv2%2Fcomments&post=77"}],"version-history":[{"count":0,"href":"https:\/\/www.agadayi.com.tr\/index.php?rest_route=\/wp\/v2\/pages\/77\/revisions"}],"wp:attachment":[{"href":"https:\/\/www.agadayi.com.tr\/index.php?rest_route=%2Fwp%2Fv2%2Fmedia&parent=77"}],"curies":[{"name":"wp","href":"https:\/\/api.w.org\/{rel}","templated":true}]}}