{"id":66,"date":"2018-12-19T08:02:44","date_gmt":"2018-12-19T08:02:44","guid":{"rendered":"http:\/\/demo.ovathemes.com\/reon\/?page_id=66"},"modified":"2023-01-21T17:35:26","modified_gmt":"2023-01-21T17:35:26","slug":"galeri","status":"publish","type":"page","link":"https:\/\/www.agadayi.com.tr\/?page_id=66","title":{"rendered":"Galeri"},"content":{"rendered":"\t\t<div data-elementor-type=\"wp-post\" data-elementor-id=\"66\" class=\"elementor elementor-66\" data-elementor-settings=\"[]\">\n\t\t\t\t\t\t<div class=\"elementor-inner\">\n\t\t\t\t\t\t\t<div class=\"elementor-section-wrap\">\n\t\t\t\t\t\t\t<section class=\"elementor-section elementor-top-section elementor-element elementor-element-00779db elementor-section-full_width elementor-section-height-default elementor-section-height-default\" data-id=\"00779db\" data-element_type=\"section\">\n\t\t\t\t\t\t<div class=\"elementor-container elementor-column-gap-no\">\n\t\t\t\t\t\t\t<div class=\"elementor-row\">\n\t\t\t\t\t<div class=\"elementor-column elementor-col-100 elementor-top-column elementor-element elementor-element-628d801\" data-id=\"628d801\" data-element_type=\"column\">\n\t\t\t<div class=\"elementor-column-wrap elementor-element-populated\">\n\t\t\t\t\t\t\t<div class=\"elementor-widget-wrap\">\n\t\t\t\t\t\t<div class=\"elementor-element elementor-element-11299ce elementor-widget elementor-widget-ova_heading\" data-id=\"11299ce\" data-element_type=\"widget\" data-widget_type=\"ova_heading.default\">\n\t\t\t\t<div class=\"elementor-widget-container\">\n\t\t\t\t\t\t\t<section class=\"breadcrumb-menu-v2 breadcrumb-section section-box\" style=\"background-image: url(http:\/\/www.agadayi.com.tr\/wp-content\/uploads\/2020\/12\/agadayi_bread-1.jpeg)\">\n\t\t\t\t<div class=\"container\">\n\t\t\t\t\t<div class=\"breadcrumb-inner\">\n\t\t\t\t\t\t\t\t\t\t\t\t\t<h1>Galeri<\/h1>\n\t\t\t\t\t\t\t\t\t\t\t\t\t\t\t\t\t\t\t<span class=\"breadcrumbs-text\">.<\/span>\n\t\t\t\t\t\t\t\t\t\t\t<\/div>\t\n\t\t\t\t<\/div>\n\t\t\t<\/section>\n\t\t\t\t\t<\/div>\n\t\t\t\t<\/div>\n\t\t\t\t\t\t<\/div>\n\t\t\t\t\t<\/div>\n\t\t<\/div>\n\t\t\t\t\t\t\t\t<\/div>\n\t\t\t\t\t<\/div>\n\t\t<\/section>\n\t\t\t\t<section class=\"elementor-section elementor-top-section elementor-element elementor-element-f4b6d44 elementor-section-boxed elementor-section-height-default elementor-section-height-default\" data-id=\"f4b6d44\" data-element_type=\"section\">\n\t\t\t\t\t\t<div class=\"elementor-container elementor-column-gap-default\">\n\t\t\t\t\t\t\t<div class=\"elementor-row\">\n\t\t\t\t\t<div class=\"elementor-column elementor-col-100 elementor-top-column elementor-element elementor-element-8500598\" data-id=\"8500598\" data-element_type=\"column\">\n\t\t\t<div class=\"elementor-column-wrap elementor-element-populated\">\n\t\t\t\t\t\t\t<div class=\"elementor-widget-wrap\">\n\t\t\t\t\t\t<div class=\"elementor-element elementor-element-8be2f1f elementor-widget elementor-widget-ova_gallery_v1\" data-id=\"8be2f1f\" data-element_type=\"widget\" data-widget_type=\"ova_gallery_v1.default\">\n\t\t\t\t<div class=\"elementor-widget-container\">\n\t\t\t\n\t\t<section class=\"gallery-section-v1 gallery-hp-1\">\n\t\t\t<div class=\"container\">\n\t\t\t\t<div class=\"gallery-content\">\n\t\t\t\t\t<div class=\"row\">\n\t\t\t\t\t\t\t\t\t\t\t\t\t<div class=\"col-xl-4 col-lg-4 col-md-4 col-sm-6 col-12\">\n\t\t\t\t\t\t\t\t<div class=\"gallery-detail\"> \n\t\t\t\t\t\t\t\t\t<figure>\n\t\t\t\t\t\t\t\t\t\t<img decoding=\"async\" src=\"http:\/\/www.agadayi.com.tr\/wp-content\/uploads\/2018\/12\/agadayi-gece.jpg\" srcset=\"https:\/\/www.agadayi.com.tr\/wp-content\/uploads\/2018\/12\/agadayi-gece-300x200.jpg 300w, https:\/\/www.agadayi.com.tr\/wp-content\/uploads\/2018\/12\/agadayi-gece.jpg 550w\" alt=\"\">\n\t\t\t\t\t\t\t\t\t<\/figure>\n\t\t\t\t\t\t\t\t\t<div class=\"overlay\"><\/div>\n\t\t\t\t\t\t\t\t\t<div class=\"gallery-zoom\">\n\t\t\t\t\t\t\t\t\t\t<a href=\"http:\/\/www.agadayi.com.tr\/wp-content\/uploads\/2018\/12\/agadayi-gece.jpg\" data-fancybox=\"gallery\" class=\"gallery-elements\">\n\t\t\t\t\t\t\t\t\t\t\t<i class=\"zmdi zmdi-search\"><\/i>\n\t\t\t\t\t\t\t\t\t\t<\/a>\n\t\t\t\t\t\t\t\t\t<\/div>\n\t\t\t\t\t\t\t\t<\/div>\n\t\t\t\t\t\t\t<\/div>\n\t\t\t\t\t\t\t\t\t\t\t\t\t<div class=\"col-xl-4 col-lg-4 col-md-4 col-sm-6 col-12\">\n\t\t\t\t\t\t\t\t<div class=\"gallery-detail\"> \n\t\t\t\t\t\t\t\t\t<figure>\n\t\t\t\t\t\t\t\t\t\t<img decoding=\"async\" src=\"http:\/\/www.agadayi.com.tr\/wp-content\/uploads\/2020\/12\/agadayi_adana_hakkimizda.jpg\" srcset=\"https:\/\/www.agadayi.com.tr\/wp-content\/uploads\/2020\/12\/agadayi_adana_hakkimizda-300x225.jpg 300w, https:\/\/www.agadayi.com.tr\/wp-content\/uploads\/2020\/12\/agadayi_adana_hakkimizda-1024x767.jpg 1024w, https:\/\/www.agadayi.com.tr\/wp-content\/uploads\/2020\/12\/agadayi_adana_hakkimizda-768x575.jpg 768w, https:\/\/www.agadayi.com.tr\/wp-content\/uploads\/2020\/12\/agadayi_adana_hakkimizda.jpg 1080w\" alt=\"\">\n\t\t\t\t\t\t\t\t\t<\/figure>\n\t\t\t\t\t\t\t\t\t<div class=\"overlay\"><\/div>\n\t\t\t\t\t\t\t\t\t<div class=\"gallery-zoom\">\n\t\t\t\t\t\t\t\t\t\t<a href=\"http:\/\/www.agadayi.com.tr\/wp-content\/uploads\/2020\/12\/agadayi_adana_hakkimizda.jpg\" data-fancybox=\"gallery\" class=\"gallery-elements\">\n\t\t\t\t\t\t\t\t\t\t\t<i class=\"zmdi zmdi-search\"><\/i>\n\t\t\t\t\t\t\t\t\t\t<\/a>\n\t\t\t\t\t\t\t\t\t<\/div>\n\t\t\t\t\t\t\t\t<\/div>\n\t\t\t\t\t\t\t<\/div>\n\t\t\t\t\t\t\t\t\t\t\t\t\t<div class=\"col-xl-4 col-lg-4 col-md-4 col-sm-6 col-12\">\n\t\t\t\t\t\t\t\t<div class=\"gallery-detail\"> \n\t\t\t\t\t\t\t\t\t<figure>\n\t\t\t\t\t\t\t\t\t\t<img decoding=\"async\" src=\"http:\/\/www.agadayi.com.tr\/wp-content\/uploads\/2018\/12\/aga111.jpeg\" srcset=\"https:\/\/www.agadayi.com.tr\/wp-content\/uploads\/2018\/12\/aga111-300x295.jpeg 300w, https:\/\/www.agadayi.com.tr\/wp-content\/uploads\/2018\/12\/aga111-768x756.jpeg 768w, https:\/\/www.agadayi.com.tr\/wp-content\/uploads\/2018\/12\/aga111.jpeg 828w\" alt=\"\">\n\t\t\t\t\t\t\t\t\t<\/figure>\n\t\t\t\t\t\t\t\t\t<div class=\"overlay\"><\/div>\n\t\t\t\t\t\t\t\t\t<div class=\"gallery-zoom\">\n\t\t\t\t\t\t\t\t\t\t<a href=\"http:\/\/www.agadayi.com.tr\/wp-content\/uploads\/2018\/12\/aga111.jpeg\" data-fancybox=\"gallery\" class=\"gallery-elements\">\n\t\t\t\t\t\t\t\t\t\t\t<i class=\"zmdi zmdi-search\"><\/i>\n\t\t\t\t\t\t\t\t\t\t<\/a>\n\t\t\t\t\t\t\t\t\t<\/div>\n\t\t\t\t\t\t\t\t<\/div>\n\t\t\t\t\t\t\t<\/div>\n\t\t\t\t\t\t\t\t\t\t\t\t\t<div class=\"col-xl-4 col-lg-4 col-md-4 col-sm-6 col-12\">\n\t\t\t\t\t\t\t\t<div class=\"gallery-detail\"> \n\t\t\t\t\t\t\t\t\t<figure>\n\t\t\t\t\t\t\t\t\t\t<img decoding=\"async\" src=\"http:\/\/www.agadayi.com.tr\/wp-content\/uploads\/2018\/12\/adana.jpg\" srcset=\"https:\/\/www.agadayi.com.tr\/wp-content\/uploads\/2018\/12\/adana-300x300.jpg 300w, https:\/\/www.agadayi.com.tr\/wp-content\/uploads\/2018\/12\/adana-1024x1024.jpg 1024w, https:\/\/www.agadayi.com.tr\/wp-content\/uploads\/2018\/12\/adana-150x150.jpg 150w, https:\/\/www.agadayi.com.tr\/wp-content\/uploads\/2018\/12\/adana-768x768.jpg 768w, https:\/\/www.agadayi.com.tr\/wp-content\/uploads\/2018\/12\/adana.jpg 1080w\" alt=\"\">\n\t\t\t\t\t\t\t\t\t<\/figure>\n\t\t\t\t\t\t\t\t\t<div class=\"overlay\"><\/div>\n\t\t\t\t\t\t\t\t\t<div class=\"gallery-zoom\">\n\t\t\t\t\t\t\t\t\t\t<a href=\"http:\/\/www.agadayi.com.tr\/wp-content\/uploads\/2018\/12\/adana.jpg\" data-fancybox=\"gallery\" class=\"gallery-elements\">\n\t\t\t\t\t\t\t\t\t\t\t<i class=\"zmdi zmdi-search\"><\/i>\n\t\t\t\t\t\t\t\t\t\t<\/a>\n\t\t\t\t\t\t\t\t\t<\/div>\n\t\t\t\t\t\t\t\t<\/div>\n\t\t\t\t\t\t\t<\/div>\n\t\t\t\t\t\t\t\t\t\t\t\t\t<div class=\"col-xl-4 col-lg-4 col-md-4 col-sm-6 col-12\">\n\t\t\t\t\t\t\t\t<div class=\"gallery-detail\"> \n\t\t\t\t\t\t\t\t\t<figure>\n\t\t\t\t\t\t\t\t\t\t<img decoding=\"async\" src=\"https:\/\/www.agadayi.com.tr\/wp-content\/uploads\/2020\/12\/tatli_gorsel.jpg\" srcset=\"https:\/\/www.agadayi.com.tr\/wp-content\/uploads\/2020\/12\/tatli_gorsel-289x300.jpg 289w, https:\/\/www.agadayi.com.tr\/wp-content\/uploads\/2020\/12\/tatli_gorsel.jpg 750w\" alt=\"\">\n\t\t\t\t\t\t\t\t\t<\/figure>\n\t\t\t\t\t\t\t\t\t<div class=\"overlay\"><\/div>\n\t\t\t\t\t\t\t\t\t<div class=\"gallery-zoom\">\n\t\t\t\t\t\t\t\t\t\t<a href=\"https:\/\/www.agadayi.com.tr\/wp-content\/uploads\/2020\/12\/tatli_gorsel.jpg\" data-fancybox=\"gallery\" class=\"gallery-elements\">\n\t\t\t\t\t\t\t\t\t\t\t<i class=\"zmdi zmdi-search\"><\/i>\n\t\t\t\t\t\t\t\t\t\t<\/a>\n\t\t\t\t\t\t\t\t\t<\/div>\n\t\t\t\t\t\t\t\t<\/div>\n\t\t\t\t\t\t\t<\/div>\n\t\t\t\t\t\t\t\t\t\t\t\t\t<div class=\"col-xl-4 col-lg-4 col-md-4 col-sm-6 col-12\">\n\t\t\t\t\t\t\t\t<div class=\"gallery-detail\"> \n\t\t\t\t\t\t\t\t\t<figure>\n\t\t\t\t\t\t\t\t\t\t<img decoding=\"async\" src=\"http:\/\/www.agadayi.com.tr\/wp-content\/uploads\/2018\/12\/aga11111.jpeg\" srcset=\"https:\/\/www.agadayi.com.tr\/wp-content\/uploads\/2018\/12\/aga11111-300x300.jpeg 300w, https:\/\/www.agadayi.com.tr\/wp-content\/uploads\/2018\/12\/aga11111-1024x1024.jpeg 1024w, https:\/\/www.agadayi.com.tr\/wp-content\/uploads\/2018\/12\/aga11111-150x150.jpeg 150w, https:\/\/www.agadayi.com.tr\/wp-content\/uploads\/2018\/12\/aga11111-768x768.jpeg 768w, https:\/\/www.agadayi.com.tr\/wp-content\/uploads\/2018\/12\/aga11111-1536x1536.jpeg 1536w, https:\/\/www.agadayi.com.tr\/wp-content\/uploads\/2018\/12\/aga11111.jpeg 1600w\" alt=\"\">\n\t\t\t\t\t\t\t\t\t<\/figure>\n\t\t\t\t\t\t\t\t\t<div class=\"overlay\"><\/div>\n\t\t\t\t\t\t\t\t\t<div class=\"gallery-zoom\">\n\t\t\t\t\t\t\t\t\t\t<a href=\"http:\/\/www.agadayi.com.tr\/wp-content\/uploads\/2018\/12\/aga11111.jpeg\" data-fancybox=\"gallery\" class=\"gallery-elements\">\n\t\t\t\t\t\t\t\t\t\t\t<i class=\"zmdi zmdi-search\"><\/i>\n\t\t\t\t\t\t\t\t\t\t<\/a>\n\t\t\t\t\t\t\t\t\t<\/div>\n\t\t\t\t\t\t\t\t<\/div>\n\t\t\t\t\t\t\t<\/div>\n\t\t\t\t\t\t\t\t\t\t\t\t\t<div class=\"col-xl-4 col-lg-4 col-md-4 col-sm-6 col-12\">\n\t\t\t\t\t\t\t\t<div class=\"gallery-detail\"> \n\t\t\t\t\t\t\t\t\t<figure>\n\t\t\t\t\t\t\t\t\t\t<img decoding=\"async\" src=\"http:\/\/www.agadayi.com.tr\/wp-content\/uploads\/2018\/12\/aga2_2.jpeg\" srcset=\"https:\/\/www.agadayi.com.tr\/wp-content\/uploads\/2018\/12\/aga2_2-225x300.jpeg 225w, https:\/\/www.agadayi.com.tr\/wp-content\/uploads\/2018\/12\/aga2_2.jpeg 768w\" alt=\"\">\n\t\t\t\t\t\t\t\t\t<\/figure>\n\t\t\t\t\t\t\t\t\t<div class=\"overlay\"><\/div>\n\t\t\t\t\t\t\t\t\t<div class=\"gallery-zoom\">\n\t\t\t\t\t\t\t\t\t\t<a href=\"http:\/\/www.agadayi.com.tr\/wp-content\/uploads\/2018\/12\/aga2_2.jpeg\" data-fancybox=\"gallery\" class=\"gallery-elements\">\n\t\t\t\t\t\t\t\t\t\t\t<i class=\"zmdi zmdi-search\"><\/i>\n\t\t\t\t\t\t\t\t\t\t<\/a>\n\t\t\t\t\t\t\t\t\t<\/div>\n\t\t\t\t\t\t\t\t<\/div>\n\t\t\t\t\t\t\t<\/div>\n\t\t\t\t\t\t\t\t\t\t\t\t\t<div class=\"col-xl-4 col-lg-4 col-md-4 col-sm-6 col-12\">\n\t\t\t\t\t\t\t\t<div class=\"gallery-detail\"> \n\t\t\t\t\t\t\t\t\t<figure>\n\t\t\t\t\t\t\t\t\t\t<img decoding=\"async\" src=\"http:\/\/www.agadayi.com.tr\/wp-content\/uploads\/2018\/12\/aga3.jpeg\" srcset=\"https:\/\/www.agadayi.com.tr\/wp-content\/uploads\/2018\/12\/aga3-225x300.jpeg 225w, https:\/\/www.agadayi.com.tr\/wp-content\/uploads\/2018\/12\/aga3.jpeg 768w\" alt=\"\">\n\t\t\t\t\t\t\t\t\t<\/figure>\n\t\t\t\t\t\t\t\t\t<div class=\"overlay\"><\/div>\n\t\t\t\t\t\t\t\t\t<div class=\"gallery-zoom\">\n\t\t\t\t\t\t\t\t\t\t<a href=\"http:\/\/www.agadayi.com.tr\/wp-content\/uploads\/2018\/12\/aga3.jpeg\" data-fancybox=\"gallery\" class=\"gallery-elements\">\n\t\t\t\t\t\t\t\t\t\t\t<i class=\"zmdi zmdi-search\"><\/i>\n\t\t\t\t\t\t\t\t\t\t<\/a>\n\t\t\t\t\t\t\t\t\t<\/div>\n\t\t\t\t\t\t\t\t<\/div>\n\t\t\t\t\t\t\t<\/div>\n\t\t\t\t\t\t\t\t\t\t\t\t\t<div class=\"col-xl-4 col-lg-4 col-md-4 col-sm-6 col-12\">\n\t\t\t\t\t\t\t\t<div class=\"gallery-detail\"> \n\t\t\t\t\t\t\t\t\t<figure>\n\t\t\t\t\t\t\t\t\t\t<img decoding=\"async\" src=\"http:\/\/www.agadayi.com.tr\/wp-content\/uploads\/2018\/12\/aga11.jpeg\" srcset=\"https:\/\/www.agadayi.com.tr\/wp-content\/uploads\/2018\/12\/aga11-211x300.jpeg 211w, https:\/\/www.agadayi.com.tr\/wp-content\/uploads\/2018\/12\/aga11-721x1024.jpeg 721w, https:\/\/www.agadayi.com.tr\/wp-content\/uploads\/2018\/12\/aga11-768x1091.jpeg 768w, https:\/\/www.agadayi.com.tr\/wp-content\/uploads\/2018\/12\/aga11-1081x1536.jpeg 1081w, https:\/\/www.agadayi.com.tr\/wp-content\/uploads\/2018\/12\/aga11.jpeg 1126w\" alt=\"\">\n\t\t\t\t\t\t\t\t\t<\/figure>\n\t\t\t\t\t\t\t\t\t<div class=\"overlay\"><\/div>\n\t\t\t\t\t\t\t\t\t<div class=\"gallery-zoom\">\n\t\t\t\t\t\t\t\t\t\t<a href=\"http:\/\/www.agadayi.com.tr\/wp-content\/uploads\/2018\/12\/aga11.jpeg\" data-fancybox=\"gallery\" class=\"gallery-elements\">\n\t\t\t\t\t\t\t\t\t\t\t<i class=\"zmdi zmdi-search\"><\/i>\n\t\t\t\t\t\t\t\t\t\t<\/a>\n\t\t\t\t\t\t\t\t\t<\/div>\n\t\t\t\t\t\t\t\t<\/div>\n\t\t\t\t\t\t\t<\/div>\n\t\t\t\t\t\t\t\t\t\t\t\t\t<div class=\"col-xl-4 col-lg-4 col-md-4 col-sm-6 col-12\">\n\t\t\t\t\t\t\t\t<div class=\"gallery-detail\"> \n\t\t\t\t\t\t\t\t\t<figure>\n\t\t\t\t\t\t\t\t\t\t<img decoding=\"async\" src=\"https:\/\/www.agadayi.com.tr\/wp-content\/uploads\/2023\/01\/1.jpeg\" srcset=\"https:\/\/www.agadayi.com.tr\/wp-content\/uploads\/2023\/01\/1-225x300.jpeg 225w, https:\/\/www.agadayi.com.tr\/wp-content\/uploads\/2023\/01\/1-768x1024.jpeg 768w, https:\/\/www.agadayi.com.tr\/wp-content\/uploads\/2023\/01\/1-1152x1536.jpeg 1152w, https:\/\/www.agadayi.com.tr\/wp-content\/uploads\/2023\/01\/1.jpeg 1200w\" alt=\"\">\n\t\t\t\t\t\t\t\t\t<\/figure>\n\t\t\t\t\t\t\t\t\t<div class=\"overlay\"><\/div>\n\t\t\t\t\t\t\t\t\t<div class=\"gallery-zoom\">\n\t\t\t\t\t\t\t\t\t\t<a href=\"https:\/\/www.agadayi.com.tr\/wp-content\/uploads\/2023\/01\/1.jpeg\" data-fancybox=\"gallery\" class=\"gallery-elements\">\n\t\t\t\t\t\t\t\t\t\t\t<i class=\"zmdi zmdi-search\"><\/i>\n\t\t\t\t\t\t\t\t\t\t<\/a>\n\t\t\t\t\t\t\t\t\t<\/div>\n\t\t\t\t\t\t\t\t<\/div>\n\t\t\t\t\t\t\t<\/div>\n\t\t\t\t\t\t\t\t\t\t\t\t\t<div class=\"col-xl-4 col-lg-4 col-md-4 col-sm-6 col-12\">\n\t\t\t\t\t\t\t\t<div class=\"gallery-detail\"> \n\t\t\t\t\t\t\t\t\t<figure>\n\t\t\t\t\t\t\t\t\t\t<img decoding=\"async\" src=\"https:\/\/www.agadayi.com.tr\/wp-content\/uploads\/2023\/01\/2.jpeg\" srcset=\"https:\/\/www.agadayi.com.tr\/wp-content\/uploads\/2023\/01\/2-225x300.jpeg 225w, https:\/\/www.agadayi.com.tr\/wp-content\/uploads\/2023\/01\/2-768x1024.jpeg 768w, https:\/\/www.agadayi.com.tr\/wp-content\/uploads\/2023\/01\/2-1152x1536.jpeg 1152w, https:\/\/www.agadayi.com.tr\/wp-content\/uploads\/2023\/01\/2.jpeg 1200w\" alt=\"\">\n\t\t\t\t\t\t\t\t\t<\/figure>\n\t\t\t\t\t\t\t\t\t<div class=\"overlay\"><\/div>\n\t\t\t\t\t\t\t\t\t<div class=\"gallery-zoom\">\n\t\t\t\t\t\t\t\t\t\t<a href=\"https:\/\/www.agadayi.com.tr\/wp-content\/uploads\/2023\/01\/2.jpeg\" data-fancybox=\"gallery\" class=\"gallery-elements\">\n\t\t\t\t\t\t\t\t\t\t\t<i class=\"zmdi zmdi-search\"><\/i>\n\t\t\t\t\t\t\t\t\t\t<\/a>\n\t\t\t\t\t\t\t\t\t<\/div>\n\t\t\t\t\t\t\t\t<\/div>\n\t\t\t\t\t\t\t<\/div>\n\t\t\t\t\t\t\t\t\t\t\t\t\t<div class=\"col-xl-4 col-lg-4 col-md-4 col-sm-6 col-12\">\n\t\t\t\t\t\t\t\t<div class=\"gallery-detail\"> \n\t\t\t\t\t\t\t\t\t<figure>\n\t\t\t\t\t\t\t\t\t\t<img decoding=\"async\" src=\"https:\/\/www.agadayi.com.tr\/wp-content\/uploads\/2023\/01\/3.jpeg\" srcset=\"https:\/\/www.agadayi.com.tr\/wp-content\/uploads\/2023\/01\/3-225x300.jpeg 225w, https:\/\/www.agadayi.com.tr\/wp-content\/uploads\/2023\/01\/3-768x1024.jpeg 768w, https:\/\/www.agadayi.com.tr\/wp-content\/uploads\/2023\/01\/3-1152x1536.jpeg 1152w, https:\/\/www.agadayi.com.tr\/wp-content\/uploads\/2023\/01\/3.jpeg 1200w\" alt=\"\">\n\t\t\t\t\t\t\t\t\t<\/figure>\n\t\t\t\t\t\t\t\t\t<div class=\"overlay\"><\/div>\n\t\t\t\t\t\t\t\t\t<div class=\"gallery-zoom\">\n\t\t\t\t\t\t\t\t\t\t<a href=\"https:\/\/www.agadayi.com.tr\/wp-content\/uploads\/2023\/01\/3.jpeg\" data-fancybox=\"gallery\" class=\"gallery-elements\">\n\t\t\t\t\t\t\t\t\t\t\t<i class=\"zmdi zmdi-search\"><\/i>\n\t\t\t\t\t\t\t\t\t\t<\/a>\n\t\t\t\t\t\t\t\t\t<\/div>\n\t\t\t\t\t\t\t\t<\/div>\n\t\t\t\t\t\t\t<\/div>\n\t\t\t\t\t\t\t\t\t\t\t\t\t<div class=\"col-xl-4 col-lg-4 col-md-4 col-sm-6 col-12\">\n\t\t\t\t\t\t\t\t<div class=\"gallery-detail\"> \n\t\t\t\t\t\t\t\t\t<figure>\n\t\t\t\t\t\t\t\t\t\t<img decoding=\"async\" src=\"https:\/\/www.agadayi.com.tr\/wp-content\/uploads\/2023\/01\/4.jpeg\" srcset=\"https:\/\/www.agadayi.com.tr\/wp-content\/uploads\/2023\/01\/4-225x300.jpeg 225w, https:\/\/www.agadayi.com.tr\/wp-content\/uploads\/2023\/01\/4-768x1024.jpeg 768w, https:\/\/www.agadayi.com.tr\/wp-content\/uploads\/2023\/01\/4-1152x1536.jpeg 1152w, https:\/\/www.agadayi.com.tr\/wp-content\/uploads\/2023\/01\/4.jpeg 1200w\" alt=\"\">\n\t\t\t\t\t\t\t\t\t<\/figure>\n\t\t\t\t\t\t\t\t\t<div class=\"overlay\"><\/div>\n\t\t\t\t\t\t\t\t\t<div class=\"gallery-zoom\">\n\t\t\t\t\t\t\t\t\t\t<a href=\"https:\/\/www.agadayi.com.tr\/wp-content\/uploads\/2023\/01\/4.jpeg\" data-fancybox=\"gallery\" class=\"gallery-elements\">\n\t\t\t\t\t\t\t\t\t\t\t<i class=\"zmdi zmdi-search\"><\/i>\n\t\t\t\t\t\t\t\t\t\t<\/a>\n\t\t\t\t\t\t\t\t\t<\/div>\n\t\t\t\t\t\t\t\t<\/div>\n\t\t\t\t\t\t\t<\/div>\n\t\t\t\t\t\t\t\t\t\t\t\t\t<div class=\"col-xl-4 col-lg-4 col-md-4 col-sm-6 col-12\">\n\t\t\t\t\t\t\t\t<div class=\"gallery-detail\"> \n\t\t\t\t\t\t\t\t\t<figure>\n\t\t\t\t\t\t\t\t\t\t<img decoding=\"async\" src=\"https:\/\/www.agadayi.com.tr\/wp-content\/uploads\/2023\/01\/5.jpeg\" srcset=\"https:\/\/www.agadayi.com.tr\/wp-content\/uploads\/2023\/01\/5-225x300.jpeg 225w, https:\/\/www.agadayi.com.tr\/wp-content\/uploads\/2023\/01\/5-768x1024.jpeg 768w, https:\/\/www.agadayi.com.tr\/wp-content\/uploads\/2023\/01\/5-1152x1536.jpeg 1152w, https:\/\/www.agadayi.com.tr\/wp-content\/uploads\/2023\/01\/5.jpeg 1200w\" alt=\"\">\n\t\t\t\t\t\t\t\t\t<\/figure>\n\t\t\t\t\t\t\t\t\t<div class=\"overlay\"><\/div>\n\t\t\t\t\t\t\t\t\t<div class=\"gallery-zoom\">\n\t\t\t\t\t\t\t\t\t\t<a href=\"https:\/\/www.agadayi.com.tr\/wp-content\/uploads\/2023\/01\/5.jpeg\" data-fancybox=\"gallery\" class=\"gallery-elements\">\n\t\t\t\t\t\t\t\t\t\t\t<i class=\"zmdi zmdi-search\"><\/i>\n\t\t\t\t\t\t\t\t\t\t<\/a>\n\t\t\t\t\t\t\t\t\t<\/div>\n\t\t\t\t\t\t\t\t<\/div>\n\t\t\t\t\t\t\t<\/div>\n\t\t\t\t\t\t\t\t\t\t\t\t\t<div class=\"col-xl-4 col-lg-4 col-md-4 col-sm-6 col-12\">\n\t\t\t\t\t\t\t\t<div class=\"gallery-detail\"> \n\t\t\t\t\t\t\t\t\t<figure>\n\t\t\t\t\t\t\t\t\t\t<img decoding=\"async\" src=\"https:\/\/www.agadayi.com.tr\/wp-content\/uploads\/2023\/01\/6.jpeg\" srcset=\"https:\/\/www.agadayi.com.tr\/wp-content\/uploads\/2023\/01\/6-225x300.jpeg 225w, https:\/\/www.agadayi.com.tr\/wp-content\/uploads\/2023\/01\/6-768x1024.jpeg 768w, https:\/\/www.agadayi.com.tr\/wp-content\/uploads\/2023\/01\/6-1152x1536.jpeg 1152w, https:\/\/www.agadayi.com.tr\/wp-content\/uploads\/2023\/01\/6.jpeg 1200w\" alt=\"\">\n\t\t\t\t\t\t\t\t\t<\/figure>\n\t\t\t\t\t\t\t\t\t<div class=\"overlay\"><\/div>\n\t\t\t\t\t\t\t\t\t<div class=\"gallery-zoom\">\n\t\t\t\t\t\t\t\t\t\t<a href=\"https:\/\/www.agadayi.com.tr\/wp-content\/uploads\/2023\/01\/6.jpeg\" data-fancybox=\"gallery\" class=\"gallery-elements\">\n\t\t\t\t\t\t\t\t\t\t\t<i class=\"zmdi zmdi-search\"><\/i>\n\t\t\t\t\t\t\t\t\t\t<\/a>\n\t\t\t\t\t\t\t\t\t<\/div>\n\t\t\t\t\t\t\t\t<\/div>\n\t\t\t\t\t\t\t<\/div>\n\t\t\t\t\t\t\t\t\t\t\t\t\t<div class=\"col-xl-4 col-lg-4 col-md-4 col-sm-6 col-12\">\n\t\t\t\t\t\t\t\t<div class=\"gallery-detail\"> \n\t\t\t\t\t\t\t\t\t<figure>\n\t\t\t\t\t\t\t\t\t\t<img decoding=\"async\" src=\"https:\/\/www.agadayi.com.tr\/wp-content\/uploads\/2023\/01\/7.jpeg\" srcset=\"https:\/\/www.agadayi.com.tr\/wp-content\/uploads\/2023\/01\/7-225x300.jpeg 225w, https:\/\/www.agadayi.com.tr\/wp-content\/uploads\/2023\/01\/7-768x1024.jpeg 768w, https:\/\/www.agadayi.com.tr\/wp-content\/uploads\/2023\/01\/7-1152x1536.jpeg 1152w, https:\/\/www.agadayi.com.tr\/wp-content\/uploads\/2023\/01\/7.jpeg 1200w\" alt=\"\">\n\t\t\t\t\t\t\t\t\t<\/figure>\n\t\t\t\t\t\t\t\t\t<div class=\"overlay\"><\/div>\n\t\t\t\t\t\t\t\t\t<div class=\"gallery-zoom\">\n\t\t\t\t\t\t\t\t\t\t<a href=\"https:\/\/www.agadayi.com.tr\/wp-content\/uploads\/2023\/01\/7.jpeg\" data-fancybox=\"gallery\" class=\"gallery-elements\">\n\t\t\t\t\t\t\t\t\t\t\t<i class=\"zmdi zmdi-search\"><\/i>\n\t\t\t\t\t\t\t\t\t\t<\/a>\n\t\t\t\t\t\t\t\t\t<\/div>\n\t\t\t\t\t\t\t\t<\/div>\n\t\t\t\t\t\t\t<\/div>\n\t\t\t\t\t\t\t\t\t\t\t\t\t<div class=\"col-xl-4 col-lg-4 col-md-4 col-sm-6 col-12\">\n\t\t\t\t\t\t\t\t<div class=\"gallery-detail\"> \n\t\t\t\t\t\t\t\t\t<figure>\n\t\t\t\t\t\t\t\t\t\t<img decoding=\"async\" src=\"https:\/\/www.agadayi.com.tr\/wp-content\/uploads\/2023\/01\/8.jpeg\" srcset=\"https:\/\/www.agadayi.com.tr\/wp-content\/uploads\/2023\/01\/8-236x300.jpeg 236w, https:\/\/www.agadayi.com.tr\/wp-content\/uploads\/2023\/01\/8-768x978.jpeg 768w, https:\/\/www.agadayi.com.tr\/wp-content\/uploads\/2023\/01\/8.jpeg 804w\" alt=\"\">\n\t\t\t\t\t\t\t\t\t<\/figure>\n\t\t\t\t\t\t\t\t\t<div class=\"overlay\"><\/div>\n\t\t\t\t\t\t\t\t\t<div class=\"gallery-zoom\">\n\t\t\t\t\t\t\t\t\t\t<a href=\"https:\/\/www.agadayi.com.tr\/wp-content\/uploads\/2023\/01\/8.jpeg\" data-fancybox=\"gallery\" class=\"gallery-elements\">\n\t\t\t\t\t\t\t\t\t\t\t<i class=\"zmdi zmdi-search\"><\/i>\n\t\t\t\t\t\t\t\t\t\t<\/a>\n\t\t\t\t\t\t\t\t\t<\/div>\n\t\t\t\t\t\t\t\t<\/div>\n\t\t\t\t\t\t\t<\/div>\n\t\t\t\t\t\t\t\t\t\t\t\t\t<div class=\"col-xl-4 col-lg-4 col-md-4 col-sm-6 col-12\">\n\t\t\t\t\t\t\t\t<div class=\"gallery-detail\"> \n\t\t\t\t\t\t\t\t\t<figure>\n\t\t\t\t\t\t\t\t\t\t<img decoding=\"async\" src=\"https:\/\/www.agadayi.com.tr\/wp-content\/uploads\/2023\/01\/9.jpeg\" srcset=\"https:\/\/www.agadayi.com.tr\/wp-content\/uploads\/2023\/01\/9-168x300.jpeg 168w, https:\/\/www.agadayi.com.tr\/wp-content\/uploads\/2023\/01\/9.jpeg 572w\" alt=\"\">\n\t\t\t\t\t\t\t\t\t<\/figure>\n\t\t\t\t\t\t\t\t\t<div class=\"overlay\"><\/div>\n\t\t\t\t\t\t\t\t\t<div class=\"gallery-zoom\">\n\t\t\t\t\t\t\t\t\t\t<a href=\"https:\/\/www.agadayi.com.tr\/wp-content\/uploads\/2023\/01\/9.jpeg\" data-fancybox=\"gallery\" class=\"gallery-elements\">\n\t\t\t\t\t\t\t\t\t\t\t<i class=\"zmdi zmdi-search\"><\/i>\n\t\t\t\t\t\t\t\t\t\t<\/a>\n\t\t\t\t\t\t\t\t\t<\/div>\n\t\t\t\t\t\t\t\t<\/div>\n\t\t\t\t\t\t\t<\/div>\n\t\t\t\t\t\t\t\t\t\t\t<\/div>\n\t\t\t\t<\/div>\n\t\t\t<\/div>\n\t\t<\/section>\n\n\t\t\t\t<\/div>\n\t\t\t\t<\/div>\n\t\t\t\t\t\t<\/div>\n\t\t\t\t\t<\/div>\n\t\t<\/div>\n\t\t\t\t\t\t\t\t<\/div>\n\t\t\t\t\t<\/div>\n\t\t<\/section>\n\t\t\t\t\t\t<\/div>\n\t\t\t\t\t\t<\/div>\n\t\t\t\t\t<\/div>\n\t\t","protected":false},"excerpt":{"rendered":"<p>Galeri .<\/p>\n","protected":false},"author":1,"featured_media":0,"parent":0,"menu_order":0,"comment_status":"closed","ping_status":"closed","template":"elementor_header_footer","meta":{"footnotes":""},"class_list":["post-66","page","type-page","status-publish","hentry"],"yoast_head":"<!-- This site is optimized with the Yoast SEO Premium plugin v15.4 - https:\/\/yoast.com\/wordpress\/plugins\/seo\/ -->\n<title>Galeri - A\u011faday\u0131 Adana Kebap&ccedil;\u0131s\u0131<\/title>\n<meta name=\"robots\" content=\"index, follow, max-snippet:-1, max-image-preview:large, max-video-preview:-1\" \/>\n<link rel=\"canonical\" href=\"https:\/\/www.agadayi.com.tr\/?page_id=66\" \/>\n<meta property=\"og:locale\" content=\"tr_TR\" \/>\n<meta property=\"og:type\" content=\"article\" \/>\n<meta property=\"og:title\" content=\"Galeri - A\u011faday\u0131 Adana Kebap&ccedil;\u0131s\u0131\" \/>\n<meta property=\"og:description\" content=\"Galeri .\" \/>\n<meta property=\"og:url\" content=\"https:\/\/www.agadayi.com.tr\/?page_id=66\" \/>\n<meta property=\"og:site_name\" content=\"A\u011faday\u0131 Adana Kebap&ccedil;\u0131s\u0131\" \/>\n<meta property=\"article:modified_time\" content=\"2023-01-21T17:35:26+00:00\" \/>\n<meta property=\"og:image\" content=\"http:\/\/www.agadayi.com.tr\/wp-content\/uploads\/2018\/12\/agadayi-gece.jpg\" \/>\n<meta name=\"twitter:card\" content=\"summary_large_image\" \/>\n<meta name=\"twitter:label1\" content=\"Yazan:\">\n\t<meta name=\"twitter:data1\" content=\"admin\">\n\t<meta name=\"twitter:label2\" content=\"Tahmini okuma s\u00fcresi\">\n\t<meta name=\"twitter:data2\" content=\"0 dakika\">\n<script type=\"application\/ld+json\" class=\"yoast-schema-graph\">{\"@context\":\"https:\/\/schema.org\",\"@graph\":[{\"@type\":\"WebSite\",\"@id\":\"https:\/\/www.agadayi.com.tr\/#website\",\"url\":\"https:\/\/www.agadayi.com.tr\/\",\"name\":\"A\\u011faday\\u0131 Adana Kebap&ccedil;\\u0131s\\u0131\",\"description\":\"Ak&ccedil;ay Restaurant &amp; Kebap&ccedil;\\u0131\",\"potentialAction\":[{\"@type\":\"SearchAction\",\"target\":\"https:\/\/www.agadayi.com.tr\/?s={search_term_string}\",\"query-input\":\"required name=search_term_string\"}],\"inLanguage\":\"tr\"},{\"@type\":\"ImageObject\",\"@id\":\"https:\/\/www.agadayi.com.tr\/?page_id=66#primaryimage\",\"inLanguage\":\"tr\",\"url\":\"http:\/\/www.agadayi.com.tr\/wp-content\/uploads\/2018\/12\/agadayi-gece.jpg\"},{\"@type\":\"WebPage\",\"@id\":\"https:\/\/www.agadayi.com.tr\/?page_id=66#webpage\",\"url\":\"https:\/\/www.agadayi.com.tr\/?page_id=66\",\"name\":\"Galeri - A\\u011faday\\u0131 Adana Kebap&ccedil;\\u0131s\\u0131\",\"isPartOf\":{\"@id\":\"https:\/\/www.agadayi.com.tr\/#website\"},\"primaryImageOfPage\":{\"@id\":\"https:\/\/www.agadayi.com.tr\/?page_id=66#primaryimage\"},\"datePublished\":\"2018-12-19T08:02:44+00:00\",\"dateModified\":\"2023-01-21T17:35:26+00:00\",\"inLanguage\":\"tr\",\"potentialAction\":[{\"@type\":\"ReadAction\",\"target\":[\"https:\/\/www.agadayi.com.tr\/?page_id=66\"]}]}]}<\/script>\n<!-- \/ Yoast SEO Premium plugin. -->","_links":{"self":[{"href":"https:\/\/www.agadayi.com.tr\/index.php?rest_route=\/wp\/v2\/pages\/66","targetHints":{"allow":["GET"]}}],"collection":[{"href":"https:\/\/www.agadayi.com.tr\/index.php?rest_route=\/wp\/v2\/pages"}],"about":[{"href":"https:\/\/www.agadayi.com.tr\/index.php?rest_route=\/wp\/v2\/types\/page"}],"author":[{"embeddable":true,"href":"https:\/\/www.agadayi.com.tr\/index.php?rest_route=\/wp\/v2\/users\/1"}],"replies":[{"embeddable":true,"href":"https:\/\/www.agadayi.com.tr\/index.php?rest_route=%2Fwp%2Fv2%2Fcomments&post=66"}],"version-history":[{"count":6,"href":"https:\/\/www.agadayi.com.tr\/index.php?rest_route=\/wp\/v2\/pages\/66\/revisions"}],"predecessor-version":[{"id":2866,"href":"https:\/\/www.agadayi.com.tr\/index.php?rest_route=\/wp\/v2\/pages\/66\/revisions\/2866"}],"wp:attachment":[{"href":"https:\/\/www.agadayi.com.tr\/index.php?rest_route=%2Fwp%2Fv2%2Fmedia&parent=66"}],"curies":[{"name":"wp","href":"https:\/\/api.w.org\/{rel}","templated":true}]}}